{"id":57,"date":"2019-05-18T15:27:42","date_gmt":"2019-05-18T15:27:42","guid":{"rendered":"http:\/\/awo-niederaussem.de\/?page_id=57"},"modified":"2026-03-11T12:16:40","modified_gmt":"2026-03-11T12:16:40","slug":"ueber-uns","status":"publish","type":"page","link":"https:\/\/awo-niederaussem.de\/?page_id=57","title":{"rendered":"\u00dcber uns"},"content":{"rendered":"\n<figure class=\"wp-block-image size-full\"><img loading=\"lazy\" decoding=\"async\" width=\"1024\" height=\"1024\" src=\"https:\/\/awo-niederaussem.de\/wp-content\/uploads\/2026\/03\/Photoroom_20260311_130929.png\" alt=\"\" class=\"wp-image-5158\" srcset=\"https:\/\/awo-niederaussem.de\/wp-content\/uploads\/2026\/03\/Photoroom_20260311_130929.png 1024w, https:\/\/awo-niederaussem.de\/wp-content\/uploads\/2026\/03\/Photoroom_20260311_130929-300x300.png 300w, https:\/\/awo-niederaussem.de\/wp-content\/uploads\/2026\/03\/Photoroom_20260311_130929-150x150.png 150w, https:\/\/awo-niederaussem.de\/wp-content\/uploads\/2026\/03\/Photoroom_20260311_130929-768x768.png 768w\" sizes=\"auto, (max-width: 1024px) 100vw, 1024px\" \/><\/figure>\n\n\n\n<figure class=\"wp-block-table aligncenter\"><table class=\"has-fixed-layout\"><tbody><tr><td class=\"has-text-align-center\" data-align=\"center\"><img loading=\"lazy\" decoding=\"async\" width=\"300\" height=\"225\" class=\"wp-image-1733\" style=\"width: 300px;\" src=\"https:\/\/awo-niederaussem.de\/wp-content\/uploads\/2023\/08\/photoroom_20230828_154212-e1736761713310.jpg\" alt=\"\"><\/td><td><br>Vorsitzender:<br><strong>Frank R\u00fcdelstein<\/strong><br>Ligusterstrasse 39<br>50129 Bergheim<br>Telefon: 02271 56225<br>Frank.Ruedelstein@awo-niederaussem.de <br><\/td><\/tr><tr><td class=\"has-text-align-center\" data-align=\"center\"><img loading=\"lazy\" decoding=\"async\" width=\"330\" height=\"248\" class=\"wp-image-1734\" style=\"width: 330px;\" src=\"https:\/\/awo-niederaussem.de\/wp-content\/uploads\/2023\/08\/photoroom_20230828_154425.jpg\" alt=\"\" srcset=\"https:\/\/awo-niederaussem.de\/wp-content\/uploads\/2023\/08\/photoroom_20230828_154425.jpg 1536w, https:\/\/awo-niederaussem.de\/wp-content\/uploads\/2023\/08\/photoroom_20230828_154425-300x225.jpg 300w, https:\/\/awo-niederaussem.de\/wp-content\/uploads\/2023\/08\/photoroom_20230828_154425-1024x768.jpg 1024w, https:\/\/awo-niederaussem.de\/wp-content\/uploads\/2023\/08\/photoroom_20230828_154425-768x576.jpg 768w\" sizes=\"auto, (max-width: 330px) 100vw, 330px\" \/><\/td><td><br>Stellvertretender Vorsitzender:<br><strong>Norbert Martin<\/strong><br>Telefon: 02271 52295<br>Norbert.Martin@awo-niederaussem.de <br><\/td><\/tr><tr><td class=\"has-text-align-center\" data-align=\"center\"><img loading=\"lazy\" decoding=\"async\" width=\"320\" height=\"240\" class=\"wp-image-1735\" style=\"width: 320px;\" src=\"https:\/\/awo-niederaussem.de\/wp-content\/uploads\/2023\/08\/photoroom_20230828_203109.jpg\" alt=\"\" srcset=\"https:\/\/awo-niederaussem.de\/wp-content\/uploads\/2023\/08\/photoroom_20230828_203109.jpg 1536w, https:\/\/awo-niederaussem.de\/wp-content\/uploads\/2023\/08\/photoroom_20230828_203109-300x225.jpg 300w, https:\/\/awo-niederaussem.de\/wp-content\/uploads\/2023\/08\/photoroom_20230828_203109-1024x768.jpg 1024w, https:\/\/awo-niederaussem.de\/wp-content\/uploads\/2023\/08\/photoroom_20230828_203109-768x576.jpg 768w\" sizes=\"auto, (max-width: 320px) 100vw, 320px\" \/><\/td><td><br>Schatzmeister<strong><br>Friedel Schiemann<\/strong><br><\/td><\/tr><tr><td class=\"has-text-align-center\" data-align=\"center\"><img loading=\"lazy\" decoding=\"async\" width=\"200\" height=\"267\" class=\"wp-image-1736\" style=\"width: 200px;\" src=\"https:\/\/awo-niederaussem.de\/wp-content\/uploads\/2023\/08\/photoroom_20230828_203056.jpg\" alt=\"\" srcset=\"https:\/\/awo-niederaussem.de\/wp-content\/uploads\/2023\/08\/photoroom_20230828_203056.jpg 492w, https:\/\/awo-niederaussem.de\/wp-content\/uploads\/2023\/08\/photoroom_20230828_203056-225x300.jpg 225w\" sizes=\"auto, (max-width: 200px) 100vw, 200px\" \/><\/td><td><br>Schriftf\u00fchrer<br><strong>Rainer H\u00fcbl<\/strong><br><\/td><\/tr><tr><td class=\"has-text-align-center\" data-align=\"center\"><img loading=\"lazy\" decoding=\"async\" width=\"300\" height=\"225\" class=\"wp-image-1737\" style=\"width: 300px;\" src=\"https:\/\/awo-niederaussem.de\/wp-content\/uploads\/2023\/08\/photoroom_20230828_203043.jpg\" alt=\"\" srcset=\"https:\/\/awo-niederaussem.de\/wp-content\/uploads\/2023\/08\/photoroom_20230828_203043.jpg 1536w, https:\/\/awo-niederaussem.de\/wp-content\/uploads\/2023\/08\/photoroom_20230828_203043-300x225.jpg 300w, https:\/\/awo-niederaussem.de\/wp-content\/uploads\/2023\/08\/photoroom_20230828_203043-1024x768.jpg 1024w, https:\/\/awo-niederaussem.de\/wp-content\/uploads\/2023\/08\/photoroom_20230828_203043-768x576.jpg 768w\" sizes=\"auto, (max-width: 300px) 100vw, 300px\" \/><\/td><td>Beisitzer<br><strong>Kurt Gustke<\/strong><\/td><\/tr><tr><td class=\"has-text-align-center\" data-align=\"center\"><img loading=\"lazy\" decoding=\"async\" width=\"320\" height=\"240\" class=\"wp-image-1738\" style=\"width: 320px;\" src=\"https:\/\/awo-niederaussem.de\/wp-content\/uploads\/2023\/08\/photoroom_20230828_203030.jpg\" alt=\"\" srcset=\"https:\/\/awo-niederaussem.de\/wp-content\/uploads\/2023\/08\/photoroom_20230828_203030.jpg 1536w, https:\/\/awo-niederaussem.de\/wp-content\/uploads\/2023\/08\/photoroom_20230828_203030-300x225.jpg 300w, https:\/\/awo-niederaussem.de\/wp-content\/uploads\/2023\/08\/photoroom_20230828_203030-1024x768.jpg 1024w, https:\/\/awo-niederaussem.de\/wp-content\/uploads\/2023\/08\/photoroom_20230828_203030-768x576.jpg 768w\" sizes=\"auto, (max-width: 320px) 100vw, 320px\" \/><\/td><td>Beisitzerin<br><strong>Sabine R\u00fcdelstein<\/strong><\/td><\/tr><tr><td class=\"has-text-align-center\" data-align=\"center\"><img loading=\"lazy\" decoding=\"async\" width=\"300\" height=\"225\" class=\"wp-image-1739\" style=\"width: 300px;\" src=\"https:\/\/awo-niederaussem.de\/wp-content\/uploads\/2023\/08\/photoroom_20230828_203015.jpg\" alt=\"\" srcset=\"https:\/\/awo-niederaussem.de\/wp-content\/uploads\/2023\/08\/photoroom_20230828_203015.jpg 1536w, https:\/\/awo-niederaussem.de\/wp-content\/uploads\/2023\/08\/photoroom_20230828_203015-300x225.jpg 300w, https:\/\/awo-niederaussem.de\/wp-content\/uploads\/2023\/08\/photoroom_20230828_203015-1024x768.jpg 1024w, https:\/\/awo-niederaussem.de\/wp-content\/uploads\/2023\/08\/photoroom_20230828_203015-768x576.jpg 768w\" sizes=\"auto, (max-width: 300px) 100vw, 300px\" \/><\/td><td>Beisitzer<br><strong>Helmut Molitor<\/strong><\/td><\/tr><tr><td class=\"has-text-align-center\" data-align=\"center\"><img loading=\"lazy\" decoding=\"async\" width=\"300\" height=\"225\" class=\"wp-image-1740\" style=\"width: 300px;\" src=\"https:\/\/awo-niederaussem.de\/wp-content\/uploads\/2023\/08\/photoroom_20230828_203001.jpg\" alt=\"\" srcset=\"https:\/\/awo-niederaussem.de\/wp-content\/uploads\/2023\/08\/photoroom_20230828_203001.jpg 1536w, https:\/\/awo-niederaussem.de\/wp-content\/uploads\/2023\/08\/photoroom_20230828_203001-300x225.jpg 300w, https:\/\/awo-niederaussem.de\/wp-content\/uploads\/2023\/08\/photoroom_20230828_203001-1024x768.jpg 1024w, https:\/\/awo-niederaussem.de\/wp-content\/uploads\/2023\/08\/photoroom_20230828_203001-768x576.jpg 768w\" sizes=\"auto, (max-width: 300px) 100vw, 300px\" \/><\/td><td>Beisitzerin<br><strong>Margret Winterwerb<\/strong><\/td><\/tr><tr><td class=\"has-text-align-center\" data-align=\"center\">Bild folgt<\/td><td>Beisitzerin<br><strong>Anja Zimmermann<\/strong><\/td><\/tr><tr><td class=\"has-text-align-center\" data-align=\"center\"><img loading=\"lazy\" decoding=\"async\" width=\"300\" height=\"225\" class=\"wp-image-1742\" style=\"width: 300px;\" src=\"https:\/\/awo-niederaussem.de\/wp-content\/uploads\/2023\/08\/photoroom_20230828_202929.jpg\" alt=\"\" srcset=\"https:\/\/awo-niederaussem.de\/wp-content\/uploads\/2023\/08\/photoroom_20230828_202929.jpg 1536w, https:\/\/awo-niederaussem.de\/wp-content\/uploads\/2023\/08\/photoroom_20230828_202929-300x225.jpg 300w, https:\/\/awo-niederaussem.de\/wp-content\/uploads\/2023\/08\/photoroom_20230828_202929-1024x768.jpg 1024w, https:\/\/awo-niederaussem.de\/wp-content\/uploads\/2023\/08\/photoroom_20230828_202929-768x576.jpg 768w\" sizes=\"auto, (max-width: 300px) 100vw, 300px\" \/><\/td><td>Beisitzer <br><strong>Markus Rath<\/strong><\/td><\/tr><tr><td class=\"has-text-align-center\" data-align=\"center\"><img loading=\"lazy\" decoding=\"async\" width=\"300\" height=\"225\" class=\"wp-image-1743\" style=\"width: 300px;\" src=\"https:\/\/awo-niederaussem.de\/wp-content\/uploads\/2023\/08\/photoroom_20230828_202907.jpg\" alt=\"\" srcset=\"https:\/\/awo-niederaussem.de\/wp-content\/uploads\/2023\/08\/photoroom_20230828_202907.jpg 1536w, https:\/\/awo-niederaussem.de\/wp-content\/uploads\/2023\/08\/photoroom_20230828_202907-300x225.jpg 300w, https:\/\/awo-niederaussem.de\/wp-content\/uploads\/2023\/08\/photoroom_20230828_202907-1024x768.jpg 1024w, https:\/\/awo-niederaussem.de\/wp-content\/uploads\/2023\/08\/photoroom_20230828_202907-768x576.jpg 768w\" sizes=\"auto, (max-width: 300px) 100vw, 300px\" \/><\/td><td>Beisitzer<br><strong>Toni Schnitzler<\/strong><\/td><\/tr><tr><td class=\"has-text-align-center\" data-align=\"center\"><img loading=\"lazy\" decoding=\"async\" width=\"300\" height=\"225\" class=\"wp-image-1744\" style=\"width: 300px;\" src=\"https:\/\/awo-niederaussem.de\/wp-content\/uploads\/2023\/08\/photoroom_20230828_202851.jpg\" alt=\"\" srcset=\"https:\/\/awo-niederaussem.de\/wp-content\/uploads\/2023\/08\/photoroom_20230828_202851.jpg 1536w, https:\/\/awo-niederaussem.de\/wp-content\/uploads\/2023\/08\/photoroom_20230828_202851-300x225.jpg 300w, https:\/\/awo-niederaussem.de\/wp-content\/uploads\/2023\/08\/photoroom_20230828_202851-1024x768.jpg 1024w, https:\/\/awo-niederaussem.de\/wp-content\/uploads\/2023\/08\/photoroom_20230828_202851-768x576.jpg 768w\" sizes=\"auto, (max-width: 300px) 100vw, 300px\" \/><\/td><td>Revisor<br><strong>Manfred Bandelow<\/strong><\/td><\/tr><tr><td class=\"has-text-align-center\" data-align=\"center\"><img loading=\"lazy\" decoding=\"async\" width=\"300\" height=\"225\" class=\"wp-image-1745\" style=\"width: 300px;\" src=\"https:\/\/awo-niederaussem.de\/wp-content\/uploads\/2023\/08\/photoroom_20230828_202833.jpg\" alt=\"\" srcset=\"https:\/\/awo-niederaussem.de\/wp-content\/uploads\/2023\/08\/photoroom_20230828_202833.jpg 1536w, https:\/\/awo-niederaussem.de\/wp-content\/uploads\/2023\/08\/photoroom_20230828_202833-300x225.jpg 300w, https:\/\/awo-niederaussem.de\/wp-content\/uploads\/2023\/08\/photoroom_20230828_202833-1024x768.jpg 1024w, https:\/\/awo-niederaussem.de\/wp-content\/uploads\/2023\/08\/photoroom_20230828_202833-768x576.jpg 768w\" sizes=\"auto, (max-width: 300px) 100vw, 300px\" \/><\/td><td>Revisor<br><strong>Reiner Boor<\/strong><\/td><\/tr><\/tbody><\/table><\/figure>\n\n\n\n<p><\/p>\n\n\n\n<p><\/p>\n\n\n\n<p><\/p>\n\n\n\n<p><\/p>\n\n\n\n<p><\/p>\n\n\n\n<p><\/p>\n\n\n\n<p><\/p>\n\n\n\n<p>    &nbsp;&nbsp;&nbsp;&nbsp;&nbsp;&nbsp;&nbsp;&nbsp;&nbsp;&nbsp;&nbsp;&nbsp;&nbsp;&nbsp;&nbsp;&nbsp;&nbsp;&nbsp;&nbsp;&nbsp;&nbsp;&nbsp;&nbsp;&nbsp;&nbsp;&nbsp;&nbsp;&nbsp;&nbsp;&nbsp;&nbsp;&nbsp;&nbsp;&nbsp;&nbsp;&nbsp;&nbsp;&nbsp;&nbsp;&nbsp;&nbsp;&nbsp;&nbsp;&nbsp;&nbsp;&nbsp;&nbsp;&nbsp;&nbsp;&nbsp;&nbsp;&nbsp;&nbsp;&nbsp;&nbsp;&nbsp;&nbsp;&nbsp;&nbsp;&nbsp; <\/p>\n\n\n\n<p><\/p>\n\n\n\n<p><\/p>\n\n\n\n<p><\/p>\n\n\n\n<p><\/p>\n\n\n\n<p><\/p>\n\n\n\n<p><\/p>\n\n\n\n<p class=\"has-text-align-center\"><\/p>\n\n\n\n<p><\/p>\n","protected":false},"excerpt":{"rendered":"<p>Vorsitzender:Frank R\u00fcdelsteinLigusterstrasse 3950129 BergheimTelefon: 02271 56225Frank.Ruedelstein@awo-niederaussem.de Stellvertretender Vorsitzender:Norbert MartinTelefon: 02271 52295Norbert.Martin@awo-niederaussem.de SchatzmeisterFriedel Schiemann Schriftf\u00fchrerRainer H\u00fcbl BeisitzerKurt Gustke BeisitzerinSabine R\u00fcdelstein BeisitzerHelmut Molitor BeisitzerinMargret Winterwerb Bild folgt BeisitzerinAnja Zimmermann Beisitzer Markus Rath BeisitzerToni Schnitzler RevisorManfred Bandelow RevisorReiner Boor &nbsp;&nbsp;&nbsp;&nbsp;&nbsp;&nbsp;&nbsp;&nbsp;&nbsp;&nbsp;&nbsp;&nbsp;&nbsp;&nbsp;&nbsp;&nbsp;&nbsp;&nbsp;&nbsp;&nbsp;&nbsp;&nbsp;&nbsp;&nbsp;&nbsp;&nbsp;&nbsp;&nbsp;&nbsp;&nbsp;&nbsp;&nbsp;&nbsp;&nbsp;&nbsp;&nbsp;&nbsp;&nbsp;&nbsp;&nbsp;&nbsp;&nbsp;&nbsp;&nbsp;&nbsp;&nbsp;&nbsp;&nbsp;&nbsp;&nbsp;&nbsp;&nbsp;&nbsp;&nbsp;&nbsp;&nbsp;&nbsp;&nbsp;&nbsp;&nbsp;<\/p>\n","protected":false},"author":1,"featured_media":0,"parent":0,"menu_order":0,"comment_status":"closed","ping_status":"closed","template":"","meta":{"footnotes":""},"class_list":["post-57","page","type-page","status-publish","hentry"],"_links":{"self":[{"href":"https:\/\/awo-niederaussem.de\/index.php?rest_route=\/wp\/v2\/pages\/57","targetHints":{"allow":["GET"]}}],"collection":[{"href":"https:\/\/awo-niederaussem.de\/index.php?rest_route=\/wp\/v2\/pages"}],"about":[{"href":"https:\/\/awo-niederaussem.de\/index.php?rest_route=\/wp\/v2\/types\/page"}],"author":[{"embeddable":true,"href":"https:\/\/awo-niederaussem.de\/index.php?rest_route=\/wp\/v2\/users\/1"}],"replies":[{"embeddable":true,"href":"https:\/\/awo-niederaussem.de\/index.php?rest_route=%2Fwp%2Fv2%2Fcomments&post=57"}],"version-history":[{"count":43,"href":"https:\/\/awo-niederaussem.de\/index.php?rest_route=\/wp\/v2\/pages\/57\/revisions"}],"predecessor-version":[{"id":5161,"href":"https:\/\/awo-niederaussem.de\/index.php?rest_route=\/wp\/v2\/pages\/57\/revisions\/5161"}],"wp:attachment":[{"href":"https:\/\/awo-niederaussem.de\/index.php?rest_route=%2Fwp%2Fv2%2Fmedia&parent=57"}],"curies":[{"name":"wp","href":"https:\/\/api.w.org\/{rel}","templated":true}]}}