{"id":208,"date":"2019-05-28T16:13:05","date_gmt":"2019-05-28T16:13:05","guid":{"rendered":"http:\/\/awo-niederaussem.de\/?page_id=208"},"modified":"2024-06-03T19:37:10","modified_gmt":"2024-06-03T19:37:10","slug":"geschichte","status":"publish","type":"page","link":"https:\/\/awo-niederaussem.de\/?page_id=208","title":{"rendered":"Leistungen der AWO Pflege Rhein-Erft &#x1f58b;&#xfe0f;"},"content":{"rendered":"\n<p>u.a. Tagespflege &#8230; Hausnotruf &#8230; Essen auf R\u00e4dern<\/p>\n\n\n\n<figure class=\"wp-block-image size-large\"><img loading=\"lazy\" decoding=\"async\" width=\"1024\" height=\"724\" src=\"https:\/\/awo-niederaussem.de\/wp-content\/uploads\/2024\/06\/AWO-Leistungen-1-1024x724.jpg\" alt=\"\" class=\"wp-image-2559\" srcset=\"https:\/\/awo-niederaussem.de\/wp-content\/uploads\/2024\/06\/AWO-Leistungen-1-1024x724.jpg 1024w, https:\/\/awo-niederaussem.de\/wp-content\/uploads\/2024\/06\/AWO-Leistungen-1-300x212.jpg 300w, https:\/\/awo-niederaussem.de\/wp-content\/uploads\/2024\/06\/AWO-Leistungen-1-768x543.jpg 768w, https:\/\/awo-niederaussem.de\/wp-content\/uploads\/2024\/06\/AWO-Leistungen-1-1536x1087.jpg 1536w, https:\/\/awo-niederaussem.de\/wp-content\/uploads\/2024\/06\/AWO-Leistungen-1-2048x1449.jpg 2048w\" sizes=\"auto, (max-width: 1024px) 100vw, 1024px\" \/><\/figure>\n\n\n\n<figure class=\"wp-block-image size-large\"><img loading=\"lazy\" decoding=\"async\" width=\"1024\" height=\"724\" src=\"https:\/\/awo-niederaussem.de\/wp-content\/uploads\/2024\/06\/AWO-Leistungen-2-1024x724.jpg\" alt=\"\" class=\"wp-image-2561\" srcset=\"https:\/\/awo-niederaussem.de\/wp-content\/uploads\/2024\/06\/AWO-Leistungen-2-1024x724.jpg 1024w, https:\/\/awo-niederaussem.de\/wp-content\/uploads\/2024\/06\/AWO-Leistungen-2-300x212.jpg 300w, https:\/\/awo-niederaussem.de\/wp-content\/uploads\/2024\/06\/AWO-Leistungen-2-768x543.jpg 768w, https:\/\/awo-niederaussem.de\/wp-content\/uploads\/2024\/06\/AWO-Leistungen-2-1536x1087.jpg 1536w, https:\/\/awo-niederaussem.de\/wp-content\/uploads\/2024\/06\/AWO-Leistungen-2-2048x1449.jpg 2048w\" sizes=\"auto, (max-width: 1024px) 100vw, 1024px\" \/><\/figure>\n\n\n\n<p><\/p>\n\n\n\n<p><\/p>\n\n\n\n<p>Tagespflege<\/p>\n\n\n\n<figure class=\"wp-block-image size-large\"><img loading=\"lazy\" decoding=\"async\" width=\"724\" height=\"1024\" src=\"https:\/\/awo-niederaussem.de\/wp-content\/uploads\/2024\/06\/Tagespflege-1-724x1024.jpg\" alt=\"\" class=\"wp-image-2563\" srcset=\"https:\/\/awo-niederaussem.de\/wp-content\/uploads\/2024\/06\/Tagespflege-1-724x1024.jpg 724w, https:\/\/awo-niederaussem.de\/wp-content\/uploads\/2024\/06\/Tagespflege-1-212x300.jpg 212w, https:\/\/awo-niederaussem.de\/wp-content\/uploads\/2024\/06\/Tagespflege-1-768x1086.jpg 768w, https:\/\/awo-niederaussem.de\/wp-content\/uploads\/2024\/06\/Tagespflege-1-1086x1536.jpg 1086w, https:\/\/awo-niederaussem.de\/wp-content\/uploads\/2024\/06\/Tagespflege-1.jpg 1176w\" sizes=\"auto, (max-width: 724px) 100vw, 724px\" \/><\/figure>\n\n\n\n<figure class=\"wp-block-image size-large\"><img loading=\"lazy\" decoding=\"async\" width=\"724\" height=\"1024\" src=\"https:\/\/awo-niederaussem.de\/wp-content\/uploads\/2024\/06\/Tagespflege-2-724x1024.jpg\" alt=\"\" class=\"wp-image-2564\" srcset=\"https:\/\/awo-niederaussem.de\/wp-content\/uploads\/2024\/06\/Tagespflege-2-724x1024.jpg 724w, https:\/\/awo-niederaussem.de\/wp-content\/uploads\/2024\/06\/Tagespflege-2-212x300.jpg 212w, https:\/\/awo-niederaussem.de\/wp-content\/uploads\/2024\/06\/Tagespflege-2-768x1086.jpg 768w, https:\/\/awo-niederaussem.de\/wp-content\/uploads\/2024\/06\/Tagespflege-2-1087x1536.jpg 1087w, https:\/\/awo-niederaussem.de\/wp-content\/uploads\/2024\/06\/Tagespflege-2.jpg 1182w\" sizes=\"auto, (max-width: 724px) 100vw, 724px\" \/><\/figure>\n\n\n\n<p><\/p>\n\n\n\n<p><\/p>\n\n\n\n<p>Hausnotruf<\/p>\n\n\n\n<figure class=\"wp-block-image size-large\"><img loading=\"lazy\" decoding=\"async\" width=\"724\" height=\"1024\" src=\"https:\/\/awo-niederaussem.de\/wp-content\/uploads\/2024\/06\/AWO-Hausnotruf-724x1024.jpg\" alt=\"\" class=\"wp-image-2565\" srcset=\"https:\/\/awo-niederaussem.de\/wp-content\/uploads\/2024\/06\/AWO-Hausnotruf-724x1024.jpg 724w, https:\/\/awo-niederaussem.de\/wp-content\/uploads\/2024\/06\/AWO-Hausnotruf-212x300.jpg 212w, https:\/\/awo-niederaussem.de\/wp-content\/uploads\/2024\/06\/AWO-Hausnotruf-768x1086.jpg 768w, https:\/\/awo-niederaussem.de\/wp-content\/uploads\/2024\/06\/AWO-Hausnotruf-1086x1536.jpg 1086w, https:\/\/awo-niederaussem.de\/wp-content\/uploads\/2024\/06\/AWO-Hausnotruf.jpg 1177w\" sizes=\"auto, (max-width: 724px) 100vw, 724px\" \/><\/figure>\n\n\n\n<p><\/p>\n\n\n\n<p><\/p>\n\n\n\n<p>Essen auf R\u00e4dern<\/p>\n\n\n\n<figure class=\"wp-block-image size-large\"><img loading=\"lazy\" decoding=\"async\" width=\"724\" height=\"1024\" src=\"https:\/\/awo-niederaussem.de\/wp-content\/uploads\/2024\/06\/AWO-Essen-auf-Raedern-724x1024.jpg\" alt=\"\" class=\"wp-image-2566\" srcset=\"https:\/\/awo-niederaussem.de\/wp-content\/uploads\/2024\/06\/AWO-Essen-auf-Raedern-724x1024.jpg 724w, https:\/\/awo-niederaussem.de\/wp-content\/uploads\/2024\/06\/AWO-Essen-auf-Raedern-212x300.jpg 212w, https:\/\/awo-niederaussem.de\/wp-content\/uploads\/2024\/06\/AWO-Essen-auf-Raedern-768x1087.jpg 768w, https:\/\/awo-niederaussem.de\/wp-content\/uploads\/2024\/06\/AWO-Essen-auf-Raedern-1086x1536.jpg 1086w, https:\/\/awo-niederaussem.de\/wp-content\/uploads\/2024\/06\/AWO-Essen-auf-Raedern.jpg 1179w\" sizes=\"auto, (max-width: 724px) 100vw, 724px\" \/><\/figure>\n\n\n\n<p><\/p>\n\n\n\n<p><\/p>\n\n\n\n<p>Flyer zum Download !<\/p>\n\n\n\n<p>Leistungen<\/p>\n\n\n\n<div data-wp-interactive=\"core\/file\" class=\"wp-block-file\"><object data-wp-bind--hidden=\"!state.hasPdfPreview\" hidden class=\"wp-block-file__embed\" data=\"https:\/\/awo-niederaussem.de\/wp-content\/uploads\/2024\/06\/AWO-Print-Leistungen.pdf\" type=\"application\/pdf\" style=\"width:100%;height:600px\" aria-label=\"Einbettung von AWO-Print-Leistungen.\"><\/object><a id=\"wp-block-file--media-52b0a5fd-b8f9-4208-94bd-1bc6f2c10ee4\" href=\"https:\/\/awo-niederaussem.de\/wp-content\/uploads\/2024\/06\/AWO-Print-Leistungen.pdf\">AWO-Print-Leistungen<\/a><a href=\"https:\/\/awo-niederaussem.de\/wp-content\/uploads\/2024\/06\/AWO-Print-Leistungen.pdf\" class=\"wp-block-file__button wp-element-button\" download aria-describedby=\"wp-block-file--media-52b0a5fd-b8f9-4208-94bd-1bc6f2c10ee4\">Herunterladen<\/a><\/div>\n\n\n\n<p>Tagespflege<\/p>\n\n\n\n<div data-wp-interactive=\"core\/file\" class=\"wp-block-file\"><object data-wp-bind--hidden=\"!state.hasPdfPreview\" hidden class=\"wp-block-file__embed\" data=\"https:\/\/awo-niederaussem.de\/wp-content\/uploads\/2024\/06\/AWO-Print-Tagespflege.pdf\" type=\"application\/pdf\" style=\"width:100%;height:600px\" aria-label=\"Einbettung von AWO-Print-Tagespflege.\"><\/object><a id=\"wp-block-file--media-9594e28a-0cbe-40c6-b9e3-b2a85772718d\" href=\"https:\/\/awo-niederaussem.de\/wp-content\/uploads\/2024\/06\/AWO-Print-Tagespflege.pdf\">AWO-Print-Tagespflege<\/a><a href=\"https:\/\/awo-niederaussem.de\/wp-content\/uploads\/2024\/06\/AWO-Print-Tagespflege.pdf\" class=\"wp-block-file__button wp-element-button\" download aria-describedby=\"wp-block-file--media-9594e28a-0cbe-40c6-b9e3-b2a85772718d\">Herunterladen<\/a><\/div>\n\n\n\n<p>Essen auf R\u00e4dern<\/p>\n\n\n\n<div data-wp-interactive=\"core\/file\" class=\"wp-block-file\"><object data-wp-bind--hidden=\"!state.hasPdfPreview\" hidden class=\"wp-block-file__embed\" data=\"https:\/\/awo-niederaussem.de\/wp-content\/uploads\/2024\/06\/AWO-Print-Essen-auf-Raedern.pdf\" type=\"application\/pdf\" style=\"width:100%;height:600px\" aria-label=\"Einbettung von AWO-Print-Essen-auf-Raedern.\"><\/object><a id=\"wp-block-file--media-9f4ca56d-3cc2-487d-b232-a751dda1d587\" href=\"https:\/\/awo-niederaussem.de\/wp-content\/uploads\/2024\/06\/AWO-Print-Essen-auf-Raedern.pdf\">AWO-Print-Essen-auf-Raedern<\/a><a href=\"https:\/\/awo-niederaussem.de\/wp-content\/uploads\/2024\/06\/AWO-Print-Essen-auf-Raedern.pdf\" class=\"wp-block-file__button wp-element-button\" download aria-describedby=\"wp-block-file--media-9f4ca56d-3cc2-487d-b232-a751dda1d587\">Herunterladen<\/a><\/div>\n\n\n\n<p>Hausnotruf<\/p>\n\n\n\n<div data-wp-interactive=\"core\/file\" class=\"wp-block-file\"><object data-wp-bind--hidden=\"!state.hasPdfPreview\" hidden class=\"wp-block-file__embed\" data=\"https:\/\/awo-niederaussem.de\/wp-content\/uploads\/2024\/06\/AWO-Print-Hausnotruf.pdf\" type=\"application\/pdf\" style=\"width:100%;height:600px\" aria-label=\"Einbettung von AWO-Print-Hausnotruf.\"><\/object><a id=\"wp-block-file--media-fb93bc57-dab7-4282-ba88-036c8252a82f\" href=\"https:\/\/awo-niederaussem.de\/wp-content\/uploads\/2024\/06\/AWO-Print-Hausnotruf.pdf\">AWO-Print-Hausnotruf<\/a><a href=\"https:\/\/awo-niederaussem.de\/wp-content\/uploads\/2024\/06\/AWO-Print-Hausnotruf.pdf\" class=\"wp-block-file__button wp-element-button\" download aria-describedby=\"wp-block-file--media-fb93bc57-dab7-4282-ba88-036c8252a82f\">Herunterladen<\/a><\/div>\n","protected":false},"excerpt":{"rendered":"<p>u.a. Tagespflege &#8230; Hausnotruf &#8230; Essen auf R\u00e4dern Tagespflege Hausnotruf Essen auf R\u00e4dern Flyer zum Download ! Leistungen Tagespflege Essen auf R\u00e4dern Hausnotruf<\/p>\n","protected":false},"author":1,"featured_media":0,"parent":0,"menu_order":0,"comment_status":"closed","ping_status":"closed","template":"","meta":{"footnotes":""},"class_list":["post-208","page","type-page","status-publish","hentry"],"_links":{"self":[{"href":"https:\/\/awo-niederaussem.de\/index.php?rest_route=\/wp\/v2\/pages\/208","targetHints":{"allow":["GET"]}}],"collection":[{"href":"https:\/\/awo-niederaussem.de\/index.php?rest_route=\/wp\/v2\/pages"}],"about":[{"href":"https:\/\/awo-niederaussem.de\/index.php?rest_route=\/wp\/v2\/types\/page"}],"author":[{"embeddable":true,"href":"https:\/\/awo-niederaussem.de\/index.php?rest_route=\/wp\/v2\/users\/1"}],"replies":[{"embeddable":true,"href":"https:\/\/awo-niederaussem.de\/index.php?rest_route=%2Fwp%2Fv2%2Fcomments&post=208"}],"version-history":[{"count":8,"href":"https:\/\/awo-niederaussem.de\/index.php?rest_route=\/wp\/v2\/pages\/208\/revisions"}],"predecessor-version":[{"id":2579,"href":"https:\/\/awo-niederaussem.de\/index.php?rest_route=\/wp\/v2\/pages\/208\/revisions\/2579"}],"wp:attachment":[{"href":"https:\/\/awo-niederaussem.de\/index.php?rest_route=%2Fwp%2Fv2%2Fmedia&parent=208"}],"curies":[{"name":"wp","href":"https:\/\/api.w.org\/{rel}","templated":true}]}}