{"id":2040,"date":"2024-01-12T14:00:06","date_gmt":"2024-01-12T14:00:06","guid":{"rendered":"https:\/\/awo-niederaussem.de\/?page_id=2040"},"modified":"2026-04-28T16:48:59","modified_gmt":"2026-04-28T16:48:59","slug":"es-geht-weiter-bei-unseren-skatspielern-jeden-zweiten-montag-im-monat-freier-spielabend-ab-1730-uhr-ab-februar-auf-zum-osterskat-tunier","status":"publish","type":"page","link":"https:\/\/awo-niederaussem.de\/?page_id=2040","title":{"rendered":"&#x1f370; Dienstagstreff"},"content":{"rendered":"\n<figure class=\"wp-block-image size-large\"><img loading=\"lazy\" decoding=\"async\" width=\"723\" height=\"1024\" src=\"https:\/\/awo-niederaussem.de\/wp-content\/uploads\/2026\/04\/B87ED885-D227-4EA1-A781-398703466B1E-723x1024.png\" alt=\"\" class=\"wp-image-5358\" srcset=\"https:\/\/awo-niederaussem.de\/wp-content\/uploads\/2026\/04\/B87ED885-D227-4EA1-A781-398703466B1E-723x1024.png 723w, https:\/\/awo-niederaussem.de\/wp-content\/uploads\/2026\/04\/B87ED885-D227-4EA1-A781-398703466B1E-212x300.png 212w, https:\/\/awo-niederaussem.de\/wp-content\/uploads\/2026\/04\/B87ED885-D227-4EA1-A781-398703466B1E-768x1087.png 768w, https:\/\/awo-niederaussem.de\/wp-content\/uploads\/2026\/04\/B87ED885-D227-4EA1-A781-398703466B1E.png 1054w\" sizes=\"auto, (max-width: 723px) 100vw, 723px\" \/><\/figure>\n\n\n\n<p>Alle 14 Tage von 14.00 bis 17.00 Uhr in der Begegnungsst\u00e4tte.<\/p>\n\n\n\n<p><strong>Die n\u00e4chsten Termine:<\/strong><\/p>\n\n\n\n<p>&#x1f4c6; <strong>12.Mai<\/strong> &#x1f4c6;<\/p>\n\n\n\n<p>&#x1f4c6; <strong>26.Mai<\/strong> &#x1f4c6;<\/p>\n\n\n\n<p><\/p>\n\n\n\n<p><\/p>\n\n\n\n<p><strong>Was Euch erwartet<\/strong><\/p>\n\n\n\n<p>Ein Nachmittag in angenehmer Atmosph\u00e4re &#8211; perfekt zum Wohlf\u00fchlen, Beisammensein und Austausch. Ob Ihr Lust auf einen Plausch habt oder lieber gemeinsam spielt: Ihr entscheidet spontan!<\/p>\n\n\n\n<p>Zur Auswahl stehen u. a.:<\/p>\n\n\n\n<ul class=\"wp-block-list\">\n<li>Kartenrunden<\/li>\n\n\n\n<li>Rummikub<\/li>\n\n\n\n<li>Verschiedene Gesellschaftsspiele &#8230; und nat\u00fcrlich Eure eigenen Vorschl\u00e4ge!<\/li>\n<\/ul>\n\n\n\n<p>Leckereien &amp; Getr\u00e4nke<\/p>\n\n\n\n<p>Christel Esser und Tanja Abels versorgen euch gerne mit Kaffee, Tee und verschiedenen Kaltgetr\u00e4nken sowie ein Teilchen oder ein St\u00fcck Kuchen &#8211; wie immer zu kleinen, fairen Preisen.<\/p>\n\n\n\n<p><strong>Wer kann teilnehmen?<\/strong><\/p>\n\n\n\n<p>Herzlich eingeladen sind:<\/p>\n\n\n\n<ul class=\"wp-block-list\">\n<li>alle AWO-Mitglieder<\/li>\n\n\n\n<li>Freundinnen, Freunde und Bekannte &#8211; eine Mitgliedschaft ist nicht erforderlich<\/li>\n<\/ul>\n\n\n\n<p>Bringt also gerne jemanden mit, der oder die ebenfalls Freude an einem geselligen Nachmittag hat.<\/p>\n\n\n\n<p><strong>Bitte anmelden<\/strong><\/p>\n\n\n\n<p>Damit unsere Organisatorinnen den Nachmittag gut planen k\u00f6nnen, bitten wir Euch um eine kurze Voranmeldung bei <\/p>\n\n\n\n<p><strong>Christel Esser unter Telefon <a href=\"tel:02271605940\">02271 605940<\/a><\/strong><\/p>\n\n\n\n<p>Wir hoffen sehr, dass der Dienstagstreff wieder viele Menschen zusammenbringt und neuen Schwung erhalt.<\/p>\n\n\n\n<p>Sollte das der Fall sein, denken wir auch \u00fcber eine w\u00f6chentliche Durchf\u00fchrung nach.<\/p>\n\n\n\n<p>Wir freuen uns auf zahlreiche Besuche und viele sch\u00f6ne gemeinsame Nachmittage!<\/p>\n\n\n\n<figure class=\"wp-block-image size-large\"><img loading=\"lazy\" decoding=\"async\" width=\"1024\" height=\"750\" src=\"https:\/\/awo-niederaussem.de\/wp-content\/uploads\/2026\/03\/Photoroom_20260311_125256-1024x750.jpeg\" alt=\"\" class=\"wp-image-5149\" srcset=\"https:\/\/awo-niederaussem.de\/wp-content\/uploads\/2026\/03\/Photoroom_20260311_125256-1024x750.jpeg 1024w, https:\/\/awo-niederaussem.de\/wp-content\/uploads\/2026\/03\/Photoroom_20260311_125256-300x220.jpeg 300w, https:\/\/awo-niederaussem.de\/wp-content\/uploads\/2026\/03\/Photoroom_20260311_125256-768x562.jpeg 768w, https:\/\/awo-niederaussem.de\/wp-content\/uploads\/2026\/03\/Photoroom_20260311_125256.jpeg 1109w\" sizes=\"auto, (max-width: 1024px) 100vw, 1024px\" \/><\/figure>\n","protected":false},"excerpt":{"rendered":"<p>Alle 14 Tage von 14.00 bis 17.00 Uhr in der Begegnungsst\u00e4tte. Die n\u00e4chsten Termine: &#x1f4c6; 12.Mai &#x1f4c6; &#x1f4c6; 26.Mai &#x1f4c6; Was Euch erwartet Ein Nachmittag in angenehmer Atmosph\u00e4re &#8211; perfekt zum Wohlf\u00fchlen, Beisammensein und Austausch. Ob Ihr Lust auf einen Plausch habt oder lieber gemeinsam spielt: Ihr entscheidet spontan! Zur Auswahl stehen u. a.: Leckereien [&hellip;]<\/p>\n","protected":false},"author":3,"featured_media":0,"parent":0,"menu_order":0,"comment_status":"closed","ping_status":"closed","template":"","meta":{"footnotes":""},"class_list":["post-2040","page","type-page","status-publish","hentry"],"_links":{"self":[{"href":"https:\/\/awo-niederaussem.de\/index.php?rest_route=\/wp\/v2\/pages\/2040","targetHints":{"allow":["GET"]}}],"collection":[{"href":"https:\/\/awo-niederaussem.de\/index.php?rest_route=\/wp\/v2\/pages"}],"about":[{"href":"https:\/\/awo-niederaussem.de\/index.php?rest_route=\/wp\/v2\/types\/page"}],"author":[{"embeddable":true,"href":"https:\/\/awo-niederaussem.de\/index.php?rest_route=\/wp\/v2\/users\/3"}],"replies":[{"embeddable":true,"href":"https:\/\/awo-niederaussem.de\/index.php?rest_route=%2Fwp%2Fv2%2Fcomments&post=2040"}],"version-history":[{"count":28,"href":"https:\/\/awo-niederaussem.de\/index.php?rest_route=\/wp\/v2\/pages\/2040\/revisions"}],"predecessor-version":[{"id":5360,"href":"https:\/\/awo-niederaussem.de\/index.php?rest_route=\/wp\/v2\/pages\/2040\/revisions\/5360"}],"wp:attachment":[{"href":"https:\/\/awo-niederaussem.de\/index.php?rest_route=%2Fwp%2Fv2%2Fmedia&parent=2040"}],"curies":[{"name":"wp","href":"https:\/\/api.w.org\/{rel}","templated":true}]}}