{"id":196,"date":"2019-05-28T16:12:19","date_gmt":"2019-05-28T16:12:19","guid":{"rendered":"http:\/\/awo-niederaussem.de\/?page_id=196"},"modified":"2026-02-27T08:42:25","modified_gmt":"2026-02-27T08:42:25","slug":"kontakt-und-rechtliches","status":"publish","type":"page","link":"https:\/\/awo-niederaussem.de\/?page_id=196","title":{"rendered":"Kontakt und Rechtliches"},"content":{"rendered":"\n<p>Kontakt per mail:  <a href=\"mailto:Info@awo-niederaussem.de\">Info@awo-niederaussem.de<\/a>  <\/p>\n\n\n\n<h2 class=\"wp-block-heading\">Impressum<\/h2>\n\n\n\n<p><strong>Herausgeber &amp; Verantwortlich<\/strong><br>Arbeiterwohlfahrt \u2013 Ortsverein Niederau\u00dfem\/Auenheim<\/p>\n\n\n\n<p>Eingetragen im Vereinsregister des AG Bergheim unter der Nummer VR18947<\/p>\n\n\n\n<p>Steuernummer: 2003\/5700\/2718<\/p>\n\n\n\n<p class=\"has-text-align-left\"><span style=\"text-decoration: underline\">Vertreten durch den Vorsitzenden<\/span><br>Frank R\u00fcdelstein<br>Ligusterstrasse 39<br>50129 Bergheim                                                                                                 <\/p>\n\n\n\n<p class=\"has-text-align-left\">Telefon: 02271 56225<\/p>\n\n\n\n<p class=\"has-text-align-left\">E-Mail: <a href=\"mailto:Frank.Ruedelstein@awo-niederaussem.de\">Frank.Ruedelstein@awo-niederaussem.de<\/a><\/p>\n\n\n\n<p><\/p>\n\n\n\n<p class=\"has-text-align-left\"><span style=\"text-decoration: underline\"><strong>Inhalt der Internetangebote<\/strong><\/span><\/p>\n\n\n\n<p class=\"has-text-align-left\">Die Webseite wird mit hoher Sorgfalt und Qualit\u00e4tsanspruch nach bestem Wissen und Gewissen erstellt und gepflegt. Informationen auf den genannten Webseiten sind gleichwohl grunds\u00e4tzlich nicht rechtsverbindlich. Die Herausgeber \u00fcbernehmen keinerlei Gew\u00e4hr f\u00fcr die Aktualit\u00e4t, Korrektheit, Vollst\u00e4ndigkeit oder Qualit\u00e4t der bereitgestellten Informationen und Beratungsdienstleistungen. Haftungsanspr\u00fcche gegen die Herausgeber, welche sich auf Sch\u00e4den materieller oder ideeller Art beziehen, die durch die Nutzung oder Nichtnutzung der dargebotenen Informationen bzw. durch die Nutzung fehlerhafter und unvollst\u00e4ndiger Informationen verursacht wurden, sind grunds\u00e4tzlich ausgeschlossen, sofern seitens der Herausgeber kein nachweislich vors\u00e4tzliches oder grob fahrl\u00e4ssiges Verschulden vorliegt.<br>Alle Angebote sind freibleibend und unverbindlich. Die Herausgeber behalten sich ausdr\u00fccklich vor, Teile der Seiten oder das gesamte Angebot ohne gesonderte Ank\u00fcndigung zu ver\u00e4ndern, zu erg\u00e4nzen, zu l\u00f6schen oder die Ver\u00f6ffentlichung zeitweise oder endg\u00fcltig einzustellen. <\/p>\n\n\n\n<p class=\"has-text-align-left\">Verweise und Links<br>F\u00fcr alle von den genannten Webseiten der Herausgeber und deren Unterseiten ausgehenden direkten oder indirekten Verweise auf fremde Internetseiten (\u201eLinks\u201c) sowie f\u00fcr Fremdeintr\u00e4ge in vom Herausgeber eingerichteten G\u00e4steb\u00fcchern, Diskussionsforen und Mailinglisten, die au\u00dferhalb des Verantwortungsbereiches der Herausgeber liegen, gilt: Die Herausgeber distanzieren sich ausdr\u00fccklich von allen Inhalten aller verwiesenen Seiten und deren Unterseiten und machen sich deren Inhalte nicht zu eigen. F\u00fcr illegale, fehlerhafte oder unvollst\u00e4ndige Inhalte und insbesondere f\u00fcr Sch\u00e4den, die aus der Nutzung oder Nichtnutzung solcherart dargebotener Informationen entstehen, haftet allein der Anbieter der Seite, auf welche verwiesen wurde, nicht derjenige, der \u00fcber Links auf die jeweilige Ver\u00f6ffentlichung lediglich verweist.<\/p>\n\n\n\n<p class=\"has-text-align-left\"><br>Urheber- und Kennzeichenrecht<br>Die Herausgeber sind bestrebt, in allen Publikationen die Urheberrechte der verwendeten Grafiken, Tondokumente, Videosequenzen und Texte zu beachten, von ihnen selbst erstellte Grafiken, Tondokumente, Videosequenzen und Texte zu nutzen oder auf lizenzfreie Grafiken, Tondokumente, Videosequenzen und Texte zur\u00fcckzugreifen. Sollte auf den Webseiten der Herausgeber trotz aller Sorgfalt eine wie auch immer geartete unbeabsichtigte Verletzung eines Copyrights vorliegen, bitten wir um einen entsprechenden Hinweis. Wir werden den beanstandeten Bereich oder das fragliche Bild umgehend aus unserer Website entfernen. Alle innerhalb des Internetangebotes genannten und ggf. durch Dritte gesch\u00fctzten Marken- und Warenzeichen unterliegen uneingeschr\u00e4nkt den Bestimmungen des jeweils g\u00fcltigen Kennzeichenrechts und den Besitzrechten der jeweiligen eingetragenen Eigent\u00fcmer. Allein aufgrund der blo\u00dfen Nennung ist nicht der Schluss zu ziehen, dass Markenzeichen nicht durch Rechte Dritter gesch\u00fctzt sind!<br>Das Copyright f\u00fcr ver\u00f6ffentlichte, von den Herausgebern selbst erstellte Objekte bleibt allein bei den Herausgebern. Eine Vervielf\u00e4ltigung oder Verwendung solcher Grafiken, Tondokumente, Videosequenzen und Texte in anderen elektronischen oder gedruckten Publikationen ist unter Voraussetzung der Nennung der Quelle und des Herausgebers gestattet.<\/p>\n\n\n\n<p class=\"has-text-align-left\"><br>Rechtswirksamkeit dieses Haftungsausschlusses<br>Dieser Haftungsausschluss ist als Teil des Internetangebotes zu betrachten, von dem aus auf diese Seite verwiesen wurde. Sofern Teile oder einzelne Formulierungen dieses Textes der geltenden Rechtslage nicht, nicht mehr oder nicht vollst\u00e4ndig entsprechen sollten, bleiben die \u00fcbrigen Teile des Dokumentes in ihrem Inhalt und ihrer G\u00fcltigkeit davon unber\u00fchrt.<\/p>\n","protected":false},"excerpt":{"rendered":"<p>Kontakt per mail: Info@awo-niederaussem.de Impressum Herausgeber &amp; VerantwortlichArbeiterwohlfahrt \u2013 Ortsverein Niederau\u00dfem\/Auenheim Eingetragen im Vereinsregister des AG Bergheim unter der Nummer VR18947 Steuernummer: 2003\/5700\/2718 Vertreten durch den VorsitzendenFrank R\u00fcdelsteinLigusterstrasse 3950129 Bergheim Telefon: 02271 56225 E-Mail: Frank.Ruedelstein@awo-niederaussem.de Inhalt der Internetangebote Die Webseite wird mit hoher Sorgfalt und Qualit\u00e4tsanspruch nach bestem Wissen und Gewissen erstellt und gepflegt. Informationen [&hellip;]<\/p>\n","protected":false},"author":1,"featured_media":0,"parent":0,"menu_order":0,"comment_status":"closed","ping_status":"closed","template":"","meta":{"footnotes":""},"class_list":["post-196","page","type-page","status-publish","hentry"],"_links":{"self":[{"href":"https:\/\/awo-niederaussem.de\/index.php?rest_route=\/wp\/v2\/pages\/196","targetHints":{"allow":["GET"]}}],"collection":[{"href":"https:\/\/awo-niederaussem.de\/index.php?rest_route=\/wp\/v2\/pages"}],"about":[{"href":"https:\/\/awo-niederaussem.de\/index.php?rest_route=\/wp\/v2\/types\/page"}],"author":[{"embeddable":true,"href":"https:\/\/awo-niederaussem.de\/index.php?rest_route=\/wp\/v2\/users\/1"}],"replies":[{"embeddable":true,"href":"https:\/\/awo-niederaussem.de\/index.php?rest_route=%2Fwp%2Fv2%2Fcomments&post=196"}],"version-history":[{"count":25,"href":"https:\/\/awo-niederaussem.de\/index.php?rest_route=\/wp\/v2\/pages\/196\/revisions"}],"predecessor-version":[{"id":5032,"href":"https:\/\/awo-niederaussem.de\/index.php?rest_route=\/wp\/v2\/pages\/196\/revisions\/5032"}],"wp:attachment":[{"href":"https:\/\/awo-niederaussem.de\/index.php?rest_route=%2Fwp%2Fv2%2Fmedia&parent=196"}],"curies":[{"name":"wp","href":"https:\/\/api.w.org\/{rel}","templated":true}]}}