{"id":186,"date":"2025-10-30T16:17:37","date_gmt":"2025-10-30T16:17:37","guid":{"rendered":"http:\/\/awo-niederaussem.de\/?page_id=186"},"modified":"2026-04-13T16:44:41","modified_gmt":"2026-04-13T16:44:41","slug":"sonntagsfruehstueck","status":"publish","type":"page","link":"https:\/\/awo-niederaussem.de\/?page_id=186","title":{"rendered":"Sonntagsfr\u00fchst\u00fcck"},"content":{"rendered":"\n<p><\/p>\n\n\n\n<figure class=\"wp-block-image size-large\"><img loading=\"lazy\" decoding=\"async\" width=\"576\" height=\"1024\" src=\"https:\/\/awo-niederaussem.de\/wp-content\/uploads\/2026\/03\/Photoroom_20260313_173541-576x1024.jpeg\" alt=\"\" class=\"wp-image-5181\" srcset=\"https:\/\/awo-niederaussem.de\/wp-content\/uploads\/2026\/03\/Photoroom_20260313_173541-576x1024.jpeg 576w, https:\/\/awo-niederaussem.de\/wp-content\/uploads\/2026\/03\/Photoroom_20260313_173541-169x300.jpeg 169w, https:\/\/awo-niederaussem.de\/wp-content\/uploads\/2026\/03\/Photoroom_20260313_173541-768x1365.jpeg 768w, https:\/\/awo-niederaussem.de\/wp-content\/uploads\/2026\/03\/Photoroom_20260313_173541-864x1536.jpeg 864w, https:\/\/awo-niederaussem.de\/wp-content\/uploads\/2026\/03\/Photoroom_20260313_173541-1152x2048.jpeg 1152w, https:\/\/awo-niederaussem.de\/wp-content\/uploads\/2026\/03\/Photoroom_20260313_173541.jpeg 1350w\" sizes=\"auto, (max-width: 576px) 100vw, 576px\" \/><\/figure>\n\n\n\n<p>Bei uns stellt sich nicht die Frage &#8222;&#8230;wer macht heute Morgen das Fr\u00fchst\u00fcck&#8220; .. hier steht alles f\u00fcr euch bereit!<\/p>\n\n\n\n<p>Das n\u00e4chste Sonntagsfr\u00fchst\u00fcck ist am:<\/p>\n\n\n\n<p>&#x1f4c6; <strong>3.Mai  <\/strong>&#x1f4c6;<\/p>\n\n\n\n<p>Zwecks Disposition bitten wir um vorherige Anmeldung und Vorkasse bis Freitagnachmittag vor dem Sonnstagsfr\u00fchst\u00fcck bei <br>Tanja Greif unter der Telefonnummer 0151 61 959 495 <br>oder per mail: &#x1f4e7;  <a href=\"mailto:Tanja-Pretzer@gmx.de\">Tanja-Pretzer@gmx.de<\/a><\/p>\n\n\n\n<p><strong>Das Fr\u00fchst\u00fcck kostet 8 \u20ac und beginnt um 9 Uhr<\/strong><\/p>\n\n\n\n<p>Die Termine im ersten Halbjahr 2026<\/p>\n\n\n\n<ul class=\"wp-block-list\">\n<li>04.01.  &#x2705;<\/li>\n\n\n\n<li>01.02.  &#x2705;<\/li>\n\n\n\n<li>01.03.  &#x2705;<\/li>\n\n\n\n<li>12.04. &#x2705;<\/li>\n\n\n\n<li>03.05.<\/li>\n\n\n\n<li>07.06.<\/li>\n<\/ul>\n\n\n\n<figure class=\"wp-block-image size-large\"><img loading=\"lazy\" decoding=\"async\" width=\"1024\" height=\"568\" src=\"https:\/\/awo-niederaussem.de\/wp-content\/uploads\/2026\/03\/Photoroom_20260311_123046-1-1024x568.jpeg\" alt=\"\" class=\"wp-image-5135\" srcset=\"https:\/\/awo-niederaussem.de\/wp-content\/uploads\/2026\/03\/Photoroom_20260311_123046-1-1024x568.jpeg 1024w, https:\/\/awo-niederaussem.de\/wp-content\/uploads\/2026\/03\/Photoroom_20260311_123046-1-300x166.jpeg 300w, https:\/\/awo-niederaussem.de\/wp-content\/uploads\/2026\/03\/Photoroom_20260311_123046-1-768x426.jpeg 768w, https:\/\/awo-niederaussem.de\/wp-content\/uploads\/2026\/03\/Photoroom_20260311_123046-1.jpeg 1512w\" sizes=\"auto, (max-width: 1024px) 100vw, 1024px\" \/><\/figure>\n\n\n\n<figure class=\"wp-block-image size-large\"><img loading=\"lazy\" decoding=\"async\" width=\"1024\" height=\"564\" src=\"https:\/\/awo-niederaussem.de\/wp-content\/uploads\/2026\/03\/Photoroom_20260311_123122-1-1024x564.jpeg\" alt=\"\" class=\"wp-image-5136\" srcset=\"https:\/\/awo-niederaussem.de\/wp-content\/uploads\/2026\/03\/Photoroom_20260311_123122-1-1024x564.jpeg 1024w, https:\/\/awo-niederaussem.de\/wp-content\/uploads\/2026\/03\/Photoroom_20260311_123122-1-300x165.jpeg 300w, https:\/\/awo-niederaussem.de\/wp-content\/uploads\/2026\/03\/Photoroom_20260311_123122-1-768x423.jpeg 768w, https:\/\/awo-niederaussem.de\/wp-content\/uploads\/2026\/03\/Photoroom_20260311_123122-1.jpeg 1512w\" sizes=\"auto, (max-width: 1024px) 100vw, 1024px\" \/><\/figure>\n\n\n\n<figure class=\"wp-block-image size-large\"><img loading=\"lazy\" decoding=\"async\" width=\"1024\" height=\"551\" src=\"https:\/\/awo-niederaussem.de\/wp-content\/uploads\/2026\/03\/Photoroom_20260311_123159-1024x551.jpeg\" alt=\"\" class=\"wp-image-5137\" srcset=\"https:\/\/awo-niederaussem.de\/wp-content\/uploads\/2026\/03\/Photoroom_20260311_123159-1024x551.jpeg 1024w, https:\/\/awo-niederaussem.de\/wp-content\/uploads\/2026\/03\/Photoroom_20260311_123159-300x162.jpeg 300w, https:\/\/awo-niederaussem.de\/wp-content\/uploads\/2026\/03\/Photoroom_20260311_123159-768x413.jpeg 768w, https:\/\/awo-niederaussem.de\/wp-content\/uploads\/2026\/03\/Photoroom_20260311_123159.jpeg 1512w\" sizes=\"auto, (max-width: 1024px) 100vw, 1024px\" \/><\/figure>\n\n\n\n<figure class=\"wp-block-image size-large\"><img loading=\"lazy\" decoding=\"async\" width=\"1024\" height=\"964\" src=\"https:\/\/awo-niederaussem.de\/wp-content\/uploads\/2026\/03\/Photoroom_20260311_123233-1024x964.jpeg\" alt=\"\" class=\"wp-image-5138\" srcset=\"https:\/\/awo-niederaussem.de\/wp-content\/uploads\/2026\/03\/Photoroom_20260311_123233-1024x964.jpeg 1024w, https:\/\/awo-niederaussem.de\/wp-content\/uploads\/2026\/03\/Photoroom_20260311_123233-300x283.jpeg 300w, https:\/\/awo-niederaussem.de\/wp-content\/uploads\/2026\/03\/Photoroom_20260311_123233-768x723.jpeg 768w, https:\/\/awo-niederaussem.de\/wp-content\/uploads\/2026\/03\/Photoroom_20260311_123233.jpeg 1512w\" sizes=\"auto, (max-width: 1024px) 100vw, 1024px\" \/><\/figure>\n","protected":false},"excerpt":{"rendered":"<p>Bei uns stellt sich nicht die Frage &#8222;&#8230;wer macht heute Morgen das Fr\u00fchst\u00fcck&#8220; .. hier steht alles f\u00fcr euch bereit! Das n\u00e4chste Sonntagsfr\u00fchst\u00fcck ist am: &#x1f4c6; 3.Mai &#x1f4c6; Zwecks Disposition bitten wir um vorherige Anmeldung und Vorkasse bis Freitagnachmittag vor dem Sonnstagsfr\u00fchst\u00fcck bei Tanja Greif unter der Telefonnummer 0151 61 959 495 oder per mail: [&hellip;]<\/p>\n","protected":false},"author":1,"featured_media":0,"parent":0,"menu_order":0,"comment_status":"closed","ping_status":"closed","template":"","meta":{"footnotes":""},"class_list":["post-186","page","type-page","status-publish","hentry"],"_links":{"self":[{"href":"https:\/\/awo-niederaussem.de\/index.php?rest_route=\/wp\/v2\/pages\/186","targetHints":{"allow":["GET"]}}],"collection":[{"href":"https:\/\/awo-niederaussem.de\/index.php?rest_route=\/wp\/v2\/pages"}],"about":[{"href":"https:\/\/awo-niederaussem.de\/index.php?rest_route=\/wp\/v2\/types\/page"}],"author":[{"embeddable":true,"href":"https:\/\/awo-niederaussem.de\/index.php?rest_route=\/wp\/v2\/users\/1"}],"replies":[{"embeddable":true,"href":"https:\/\/awo-niederaussem.de\/index.php?rest_route=%2Fwp%2Fv2%2Fcomments&post=186"}],"version-history":[{"count":104,"href":"https:\/\/awo-niederaussem.de\/index.php?rest_route=\/wp\/v2\/pages\/186\/revisions"}],"predecessor-version":[{"id":5337,"href":"https:\/\/awo-niederaussem.de\/index.php?rest_route=\/wp\/v2\/pages\/186\/revisions\/5337"}],"wp:attachment":[{"href":"https:\/\/awo-niederaussem.de\/index.php?rest_route=%2Fwp%2Fv2%2Fmedia&parent=186"}],"curies":[{"name":"wp","href":"https:\/\/api.w.org\/{rel}","templated":true}]}}